{"id":17122,"date":"2024-06-06T09:11:37","date_gmt":"2024-06-06T09:11:37","guid":{"rendered":"https:\/\/www.francescavailati.com\/consultation-virtuelle\/"},"modified":"2025-11-27T13:46:32","modified_gmt":"2025-11-27T13:46:32","slug":"consultation-virtuelle","status":"publish","type":"page","link":"https:\/\/www.francescavailati.com\/fr\/consultation-virtuelle\/","title":{"rendered":"Consultation Virtuelle"},"content":{"rendered":"\t\t<div data-elementor-type=\"wp-page\" data-elementor-id=\"17122\" class=\"elementor elementor-17122 elementor-16029\">\n\t\t\t\t\t\t<section class=\"elementor-section elementor-top-section elementor-element elementor-element-caa7346 elementor-section-boxed elementor-section-height-default elementor-section-height-default\" data-id=\"caa7346\" data-element_type=\"section\" data-settings=\"{&quot;background_background&quot;:&quot;classic&quot;}\">\n\t\t\t\t\t\t<div class=\"elementor-container elementor-column-gap-default\">\n\t\t\t\t\t<div class=\"elementor-column elementor-col-50 elementor-top-column elementor-element elementor-element-886004b\" data-id=\"886004b\" data-element_type=\"column\">\n\t\t\t<div class=\"elementor-widget-wrap elementor-element-populated\">\n\t\t\t\t\t\t<div class=\"elementor-element elementor-element-5d4eede elementor-widget elementor-widget-heading\" data-id=\"5d4eede\" data-element_type=\"widget\" data-widget_type=\"heading.default\">\n\t\t\t\t<div class=\"elementor-widget-container\">\n\t\t\t\t\t<h3 class=\"elementor-heading-title elementor-size-default\"> Consultation Virtuelle <strong style=\"font-weight:400\">Vailati <\/strong><\/h3>\t\t\t\t<\/div>\n\t\t\t\t<\/div>\n\t\t\t\t<div class=\"elementor-element elementor-element-0f5dbed elementor-widget elementor-widget-heading\" data-id=\"0f5dbed\" data-element_type=\"widget\" data-widget_type=\"heading.default\">\n\t\t\t\t<div class=\"elementor-widget-container\">\n\t\t\t\t\t<h3 class=\"elementor-heading-title elementor-size-default\">Besoin d'une consultation avec le Dre Francesca Vailati, mais difficile de la rencontrer \u00e0 Gen\u00e8ve ?<\/h3>\t\t\t\t<\/div>\n\t\t\t\t<\/div>\n\t\t\t\t<div class=\"elementor-element elementor-element-12b053d elementor-widget elementor-widget-heading\" data-id=\"12b053d\" data-element_type=\"widget\" data-widget_type=\"heading.default\">\n\t\t\t\t<div class=\"elementor-widget-container\">\n\t\t\t\t\t<h3 class=\"elementor-heading-title elementor-size-default\">D\u00e9couvrez la valeur de la t\u00e9l\u00e9m\u00e9decine !<\/h3>\t\t\t\t<\/div>\n\t\t\t\t<\/div>\n\t\t\t\t<div class=\"elementor-element elementor-element-97241f6 elementor-hidden-mobile elementor-widget elementor-widget-heading\" data-id=\"97241f6\" data-element_type=\"widget\" data-widget_type=\"heading.default\">\n\t\t\t\t<div class=\"elementor-widget-container\">\n\t\t\t\t\t<h3 class=\"elementor-heading-title elementor-size-default\">L'approche tr\u00e8s unique de la Dre Francesca Vailati<\/h3>\t\t\t\t<\/div>\n\t\t\t\t<\/div>\n\t\t\t\t<div class=\"elementor-element elementor-element-e754f74 elementor-hidden-mobile elementor-widget elementor-widget-text-editor\" data-id=\"e754f74\" data-element_type=\"widget\" data-widget_type=\"text-editor.default\">\n\t\t\t\t<div class=\"elementor-widget-container\">\n\t\t\t\t\t\t\t\t\t<p>En tant qu&rsquo;inventrice de la M\u00e9thode 3STEP et avec ses 20 ans d&rsquo;exp\u00e9rience dans le traitement de diff\u00e9rents types de patients, le Dresse Vailati est une leader dans le domaine de la proth\u00e8se non invasive. C&rsquo;est pourquoi, chaque jour, plusieurs patients du monde entier la contactent pour lui demander si elle peut recommander des cliniciens \u00e0 l&rsquo;\u00e9tranger capables de suivre sa M\u00e9thode 3STEP.<\/p>\n\t\t\t\t\t\t\t\t<\/div>\n\t\t\t\t<\/div>\n\t\t\t\t\t<\/div>\n\t\t<\/div>\n\t\t\t\t<div class=\"elementor-column elementor-col-50 elementor-top-column elementor-element elementor-element-b8224dc elementor-hidden-mobile\" data-id=\"b8224dc\" data-element_type=\"column\" data-settings=\"{&quot;background_background&quot;:&quot;classic&quot;}\">\n\t\t\t<div class=\"elementor-widget-wrap elementor-element-populated\">\n\t\t\t\t\t\t<div class=\"elementor-element elementor-element-7a33224 elementor-widget elementor-widget-spacer\" data-id=\"7a33224\" data-element_type=\"widget\" data-widget_type=\"spacer.default\">\n\t\t\t\t<div class=\"elementor-widget-container\">\n\t\t\t\t\t\t\t<div class=\"elementor-spacer\">\n\t\t\t<div class=\"elementor-spacer-inner\"><\/div>\n\t\t<\/div>\n\t\t\t\t\t\t<\/div>\n\t\t\t\t<\/div>\n\t\t\t\t\t<\/div>\n\t\t<\/div>\n\t\t\t\t\t<\/div>\n\t\t<\/section>\n\t\t\t\t<section class=\"elementor-section elementor-top-section elementor-element elementor-element-a407cd3 elementor-hidden-mobile elementor-section-boxed elementor-section-height-default elementor-section-height-default\" data-id=\"a407cd3\" data-element_type=\"section\" data-settings=\"{&quot;background_background&quot;:&quot;classic&quot;}\">\n\t\t\t\t\t\t<div class=\"elementor-container elementor-column-gap-default\">\n\t\t\t\t\t<div class=\"elementor-column elementor-col-100 elementor-top-column elementor-element elementor-element-65f3eca\" data-id=\"65f3eca\" data-element_type=\"column\" data-settings=\"{&quot;background_background&quot;:&quot;classic&quot;}\">\n\t\t\t<div class=\"elementor-widget-wrap elementor-element-populated\">\n\t\t\t\t\t\t<div class=\"elementor-element elementor-element-af3754e elementor-widget elementor-widget-heading\" data-id=\"af3754e\" data-element_type=\"widget\" data-widget_type=\"heading.default\">\n\t\t\t\t<div class=\"elementor-widget-container\">\n\t\t\t\t\t<h3 class=\"elementor-heading-title elementor-size-default\">Malheureusement, il est difficile non seulement de trouver ces dentistes, mais aussi de savoir s'ils sont vraiment capables de faire ce qu'ils promettent. Comment r\u00e9soudre ce probl\u00e8me ?<\/h3>\t\t\t\t<\/div>\n\t\t\t\t<\/div>\n\t\t\t\t\t<\/div>\n\t\t<\/div>\n\t\t\t\t\t<\/div>\n\t\t<\/section>\n\t\t\t\t<section class=\"elementor-section elementor-top-section elementor-element elementor-element-09015df elementor-hidden-mobile elementor-section-boxed elementor-section-height-default elementor-section-height-default\" data-id=\"09015df\" data-element_type=\"section\" data-settings=\"{&quot;background_background&quot;:&quot;classic&quot;}\">\n\t\t\t\t\t\t<div class=\"elementor-container elementor-column-gap-default\">\n\t\t\t\t\t<div class=\"elementor-column elementor-col-50 elementor-top-column elementor-element elementor-element-f701cff\" data-id=\"f701cff\" data-element_type=\"column\" data-settings=\"{&quot;background_background&quot;:&quot;classic&quot;}\">\n\t\t\t<div class=\"elementor-widget-wrap elementor-element-populated\">\n\t\t\t\t\t\t<div class=\"elementor-element elementor-element-da3edfd elementor-widget elementor-widget-spacer\" data-id=\"da3edfd\" data-element_type=\"widget\" data-widget_type=\"spacer.default\">\n\t\t\t\t<div class=\"elementor-widget-container\">\n\t\t\t\t\t\t\t<div class=\"elementor-spacer\">\n\t\t\t<div class=\"elementor-spacer-inner\"><\/div>\n\t\t<\/div>\n\t\t\t\t\t\t<\/div>\n\t\t\t\t<\/div>\n\t\t\t\t\t<\/div>\n\t\t<\/div>\n\t\t\t\t<div class=\"elementor-column elementor-col-50 elementor-top-column elementor-element elementor-element-f7d7e20\" data-id=\"f7d7e20\" data-element_type=\"column\">\n\t\t\t<div class=\"elementor-widget-wrap elementor-element-populated\">\n\t\t\t\t\t\t<div class=\"elementor-element elementor-element-ac3f85d elementor-widget elementor-widget-heading\" data-id=\"ac3f85d\" data-element_type=\"widget\" data-widget_type=\"heading.default\">\n\t\t\t\t<div class=\"elementor-widget-container\">\n\t\t\t\t\t<h3 class=\"elementor-heading-title elementor-size-default\">Connaissance et sensibilisation des patients<\/h3>\t\t\t\t<\/div>\n\t\t\t\t<\/div>\n\t\t\t\t<div class=\"elementor-element elementor-element-ee6be5e elementor-widget elementor-widget-text-editor\" data-id=\"ee6be5e\" data-element_type=\"widget\" data-widget_type=\"text-editor.default\">\n\t\t\t\t<div class=\"elementor-widget-container\">\n\t\t\t\t\t\t\t\t\tLa solution r\u00e9side dans une <strong>solide connaissance des patients<\/strong>\nsur les probl\u00e8mes de leur bouche et sur les options non invasives disponibles de nos jours. Cette sensibilisation guidera chaque patient \u00e0 rechercher le clinicien qui peut r\u00e9pondre \u00e0 sa demande particuli\u00e8re de th\u00e9rapies fonctionnelles non invasives. C&rsquo;est dans cette optique que la Consultation Virtuelle Vailati a \u00e9t\u00e9 cr\u00e9\u00e9e. \t\t\t\t\t\t\t\t<\/div>\n\t\t\t\t<\/div>\n\t\t\t\t<div class=\"elementor-element elementor-element-205066a elementor-widget elementor-widget-text-editor\" data-id=\"205066a\" data-element_type=\"widget\" data-widget_type=\"text-editor.default\">\n\t\t\t\t<div class=\"elementor-widget-container\">\n\t\t\t\t\t\t\t\t\t<p>Gr\u00e2ce \u00e0 la t\u00e9l\u00e9m\u00e9decine, chaque patient peut d\u00e9sormais avoir acc\u00e8s \u00e0 <strong>une consultation initiale en ligne avec le Dre Vailati <\/strong> et \u00eatre inform\u00e9 de son \u00e9tat. Ensuite, les patients peuvent d\u00e9cider s&rsquo;ils peuvent se permettre de devenir un patient du Dresse Vailati \u00e0 Gen\u00e8ve ou s&rsquo;ils doivent rechercher des cliniciens pr\u00eats \u00e0 suivre les \u00e9tapes de la dentisterie non invasive discut\u00e9es lors de la Consultation Virtuelle.<\/p>\t\t\t\t\t\t\t\t<\/div>\n\t\t\t\t<\/div>\n\t\t\t\t\t<\/div>\n\t\t<\/div>\n\t\t\t\t\t<\/div>\n\t\t<\/section>\n\t\t\t\t<section class=\"elementor-section elementor-top-section elementor-element elementor-element-18dc251 elementor-section-boxed elementor-section-height-default elementor-section-height-default\" data-id=\"18dc251\" data-element_type=\"section\" data-settings=\"{&quot;background_background&quot;:&quot;classic&quot;}\">\n\t\t\t\t\t\t<div class=\"elementor-container elementor-column-gap-default\">\n\t\t\t\t\t<div class=\"elementor-column elementor-col-50 elementor-top-column elementor-element elementor-element-772d2bc elementor-hidden-mobile\" data-id=\"772d2bc\" data-element_type=\"column\">\n\t\t\t<div class=\"elementor-widget-wrap elementor-element-populated\">\n\t\t\t\t\t\t<div class=\"elementor-element elementor-element-c48d16d elementor-widget elementor-widget-text-editor\" data-id=\"c48d16d\" data-element_type=\"widget\" data-widget_type=\"text-editor.default\">\n\t\t\t\t<div class=\"elementor-widget-container\">\n\t\t\t\t\t\t\t\t\t<p>Bien s\u00fbr, rien ne vaut une rencontre en personne avec le Dre Vailati pour qu&rsquo;elle examine votre bouche&#8230; Une consultation en face \u00e0 face est un moment fondamental pour une enqu\u00eate approfondie de vos probl\u00e8mes sp\u00e9cifiques. Cela s&rsquo;appelle le <strong>diagnostic GLOBAL.<\/strong> Ce n&rsquo;est qu&rsquo;en connaissant les v\u00e9ritables raisons derri\u00e8re vos probl\u00e8mes qu&rsquo;une th\u00e9rapie plus appropri\u00e9e peut \u00eatre planifi\u00e9e. Cependant, si cette consultation en face \u00e0 face n&rsquo;est pas possible, la consultation EN LIGNE reste une excellente alternative.<\/p>\t\t\t\t\t\t\t\t<\/div>\n\t\t\t\t<\/div>\n\t\t\t\t\t<\/div>\n\t\t<\/div>\n\t\t\t\t<div class=\"elementor-column elementor-col-50 elementor-top-column elementor-element elementor-element-c98285f\" data-id=\"c98285f\" data-element_type=\"column\">\n\t\t\t<div class=\"elementor-widget-wrap elementor-element-populated\">\n\t\t\t\t\t\t<div class=\"elementor-element elementor-element-f980a66 elementor-widget elementor-widget-video\" data-id=\"f980a66\" data-element_type=\"widget\" data-settings=\"{&quot;video_type&quot;:&quot;vimeo&quot;,&quot;yt_privacy&quot;:&quot;yes&quot;}\" data-widget_type=\"video.default\">\n\t\t\t\t<div class=\"elementor-widget-container\">\n\t\t\t\t\t\t\t<div class=\"elementor-wrapper elementor-open-inline\">\n\t\t\t<iframe class=\"elementor-video-iframe\" allowfullscreen allow=\"clipboard-write\" title=\"Lecteur vid\u00e9o vimeo\" src=\"https:\/\/player.vimeo.com\/video\/968633584?color&amp;autopause=0&amp;dnt=true&amp;loop=0&amp;muted=0&amp;title=0&amp;portrait=0&amp;byline=0#t=\"><\/iframe>\t\t<\/div>\n\t\t\t\t\t\t<\/div>\n\t\t\t\t<\/div>\n\t\t\t\t\t<\/div>\n\t\t<\/div>\n\t\t\t\t\t<\/div>\n\t\t<\/section>\n\t\t\t\t<section class=\"elementor-section elementor-top-section elementor-element elementor-element-d4631aa elementor-section-boxed elementor-section-height-default elementor-section-height-default\" data-id=\"d4631aa\" data-element_type=\"section\" data-settings=\"{&quot;background_background&quot;:&quot;classic&quot;}\">\n\t\t\t\t\t\t<div class=\"elementor-container elementor-column-gap-default\">\n\t\t\t\t\t<div class=\"elementor-column elementor-col-100 elementor-top-column elementor-element elementor-element-1e97652\" data-id=\"1e97652\" data-element_type=\"column\" data-settings=\"{&quot;background_background&quot;:&quot;classic&quot;}\">\n\t\t\t<div class=\"elementor-widget-wrap elementor-element-populated\">\n\t\t\t\t\t\t<div class=\"elementor-element elementor-element-b4eb9de elementor-widget elementor-widget-heading\" data-id=\"b4eb9de\" data-element_type=\"widget\" data-widget_type=\"heading.default\">\n\t\t\t\t<div class=\"elementor-widget-container\">\n\t\t\t\t\t<h3 class=\"elementor-heading-title elementor-size-default\">Avec la t\u00e9l\u00e9m\u00e9decine, le monde devient plus petit !<\/h3>\t\t\t\t<\/div>\n\t\t\t\t<\/div>\n\t\t\t\t\t<\/div>\n\t\t<\/div>\n\t\t\t\t\t<\/div>\n\t\t<\/section>\n\t\t\t\t<section class=\"elementor-section elementor-top-section elementor-element elementor-element-93c40da elementor-section-boxed elementor-section-height-default elementor-section-height-default\" data-id=\"93c40da\" data-element_type=\"section\" data-settings=\"{&quot;background_background&quot;:&quot;classic&quot;}\">\n\t\t\t\t\t\t<div class=\"elementor-container elementor-column-gap-default\">\n\t\t\t\t\t<div class=\"elementor-column elementor-col-50 elementor-top-column elementor-element elementor-element-2990905\" data-id=\"2990905\" data-element_type=\"column\">\n\t\t\t<div class=\"elementor-widget-wrap elementor-element-populated\">\n\t\t\t\t\t\t<div class=\"elementor-element elementor-element-7d387dd elementor-widget elementor-widget-heading\" data-id=\"7d387dd\" data-element_type=\"widget\" data-widget_type=\"heading.default\">\n\t\t\t\t<div class=\"elementor-widget-container\">\n\t\t\t\t\t<h3 class=\"elementor-heading-title elementor-size-default\">Comment \u00e7a marche<\/h3>\t\t\t\t<\/div>\n\t\t\t\t<\/div>\n\t\t\t\t<div class=\"elementor-element elementor-element-0276f51 elementor-icon-list--layout-traditional elementor-list-item-link-full_width elementor-widget elementor-widget-icon-list\" data-id=\"0276f51\" data-element_type=\"widget\" data-widget_type=\"icon-list.default\">\n\t\t\t\t<div class=\"elementor-widget-container\">\n\t\t\t\t\t\t\t<ul class=\"elementor-icon-list-items\">\n\t\t\t\t\t\t\t<li class=\"elementor-icon-list-item\">\n\t\t\t\t\t\t\t\t\t\t\t<span class=\"elementor-icon-list-icon\">\n\t\t\t\t\t\t\t<svg xmlns=\"http:\/\/www.w3.org\/2000\/svg\" xmlns:xlink=\"http:\/\/www.w3.org\/1999\/xlink\" id=\"Livello_1\" x=\"0px\" y=\"0px\" viewBox=\"0 0 20 20\" style=\"enable-background:new 0 0 20 20;\" xml:space=\"preserve\">  <style type=\"text\/css\">\t.st0{fill:none;stroke:#4C423A;stroke-width:0.5;}\t.st1{fill:#4C423A;}\t.st2{fill:none;stroke:#4C423A;stroke-width:0.5038;}<\/style>  <g>\t<polyline class=\"st0\" points=\"5.5,7.7 10,3.2 14.5,7.7  \"><\/polyline>\t<rect x=\"3.5\" y=\"16.4\" class=\"st1\" width=\"13\" height=\"0.4\"><\/rect>\t<line class=\"st2\" x1=\"10\" y1=\"14.7\" x2=\"10\" y2=\"3.5\"><\/line><\/g><\/svg>\t\t\t\t\t\t<\/span>\n\t\t\t\t\t\t\t\t\t\t<span class=\"elementor-icon-list-text\">Remplissez le formulaire et t\u00e9l\u00e9chargez les photos et vid\u00e9os requises.<\/span>\n\t\t\t\t\t\t\t\t\t<\/li>\n\t\t\t\t\t\t\t\t<li class=\"elementor-icon-list-item\">\n\t\t\t\t\t\t\t\t\t\t\t<span class=\"elementor-icon-list-icon\">\n\t\t\t\t\t\t\t<svg xmlns=\"http:\/\/www.w3.org\/2000\/svg\" xmlns:xlink=\"http:\/\/www.w3.org\/1999\/xlink\" id=\"Livello_1\" x=\"0px\" y=\"0px\" viewBox=\"0 0 20 20\" style=\"enable-background:new 0 0 20 20;\" xml:space=\"preserve\">  <style type=\"text\/css\">\t.st0{fill:none;stroke:#4C423A;stroke-width:0.5;}<\/style>  <polygon class=\"st0\" points=\"9.5,5.5 8.5,3.5 1.5,3.5 1.5,16.5 18.5,16.5 18.5,5.5 \"><\/polygon><\/svg>\t\t\t\t\t\t<\/span>\n\t\t\t\t\t\t\t\t\t\t<span class=\"elementor-icon-list-text\">Vos donn\u00e9es seront analys\u00e9es par le Dresse Vailati elle-m\u00eame.<\/span>\n\t\t\t\t\t\t\t\t\t<\/li>\n\t\t\t\t\t\t\t\t<li class=\"elementor-icon-list-item\">\n\t\t\t\t\t\t\t\t\t\t\t<span class=\"elementor-icon-list-icon\">\n\t\t\t\t\t\t\t<svg xmlns=\"http:\/\/www.w3.org\/2000\/svg\" xmlns:xlink=\"http:\/\/www.w3.org\/1999\/xlink\" id=\"Livello_1\" x=\"0px\" y=\"0px\" viewBox=\"0 0 20 20\" style=\"enable-background:new 0 0 20 20;\" xml:space=\"preserve\">  <style type=\"text\/css\">\t.st0{fill:none;stroke:#4C423A;stroke-width:0.5;}<\/style>  <circle class=\"st0\" cx=\"7.7\" cy=\"8.6\" r=\"3.5\"><\/circle>  <path class=\"st0\" d=\"M1,18.1c0.7-3.5,3.4-6,6.6-6c3.3,0,6.1,2.7,6.7,6.2\"><\/path>  <path class=\"st0\" d=\"M11.4,4c1.4-1.6,4-1.2,4.9,0.7c0.9,1.9-0.6,4.2-2.7,4.2c2.9,0,5.2,2.4,5.6,5.2\"><\/path><\/svg>\t\t\t\t\t\t<\/span>\n\t\t\t\t\t\t\t\t\t\t<span class=\"elementor-icon-list-text\">Vous aurez une consultation en ligne avec le Dresse Vailati.<\/span>\n\t\t\t\t\t\t\t\t\t<\/li>\n\t\t\t\t\t\t<\/ul>\n\t\t\t\t\t\t<\/div>\n\t\t\t\t<\/div>\n\t\t\t\t\t<\/div>\n\t\t<\/div>\n\t\t\t\t<div class=\"elementor-column elementor-col-50 elementor-top-column elementor-element elementor-element-c3cace5 elementor-hidden-mobile\" data-id=\"c3cace5\" data-element_type=\"column\">\n\t\t\t<div class=\"elementor-widget-wrap elementor-element-populated\">\n\t\t\t\t\t\t<div class=\"elementor-element elementor-element-0b3e089 elementor-widget elementor-widget-image\" data-id=\"0b3e089\" data-element_type=\"widget\" data-widget_type=\"image.default\">\n\t\t\t\t<div class=\"elementor-widget-container\">\n\t\t\t\t\t\t\t\t\t\t\t\t\t\t\t<img fetchpriority=\"high\" decoding=\"async\" width=\"979\" height=\"936\" src=\"https:\/\/www.francescavailati.com\/wp-content\/uploads\/2024\/07\/francesca-vailati-form-fr.jpg\" class=\"attachment-full size-full wp-image-17170\" alt=\"Virtual Consultation step by step form\" srcset=\"https:\/\/www.francescavailati.com\/wp-content\/uploads\/2024\/07\/francesca-vailati-form-fr.jpg 979w, https:\/\/www.francescavailati.com\/wp-content\/uploads\/2024\/07\/francesca-vailati-form-fr-628x600.jpg 628w, https:\/\/www.francescavailati.com\/wp-content\/uploads\/2024\/07\/francesca-vailati-form-fr-150x143.jpg 150w, https:\/\/www.francescavailati.com\/wp-content\/uploads\/2024\/07\/francesca-vailati-form-fr-768x734.jpg 768w\" sizes=\"(max-width: 979px) 100vw, 979px\" \/>\t\t\t\t\t\t\t\t\t\t\t\t\t\t\t<\/div>\n\t\t\t\t<\/div>\n\t\t\t\t\t<\/div>\n\t\t<\/div>\n\t\t\t\t\t<\/div>\n\t\t<\/section>\n\t\t\t\t<section class=\"elementor-section elementor-top-section elementor-element elementor-element-dcb687d elementor-section-full_width elementor-section-content-top elementor-section-height-default elementor-section-height-default\" data-id=\"dcb687d\" data-element_type=\"section\" data-settings=\"{&quot;background_background&quot;:&quot;classic&quot;}\">\n\t\t\t\t\t\t<div class=\"elementor-container elementor-column-gap-no\">\n\t\t\t\t\t<div class=\"elementor-column elementor-col-100 elementor-top-column elementor-element elementor-element-fa4076f\" data-id=\"fa4076f\" data-element_type=\"column\">\n\t\t\t<div class=\"elementor-widget-wrap elementor-element-populated\">\n\t\t\t\t\t\t<div class=\"elementor-element elementor-element-ac975c2 elementor-widget elementor-widget-heading\" data-id=\"ac975c2\" data-element_type=\"widget\" data-widget_type=\"heading.default\">\n\t\t\t\t<div class=\"elementor-widget-container\">\n\t\t\t\t\t<h3 class=\"elementor-heading-title elementor-size-default\">Jusqu'\u00e0 1 heure de consultation en ligne avec le Dre Vailati<br>Tarif total : <strong>399 euro <\/strong><\/h3>\t\t\t\t<\/div>\n\t\t\t\t<\/div>\n\t\t\t\t<div class=\"elementor-element elementor-element-eb53eab elementor-widget elementor-widget-button\" data-id=\"eb53eab\" data-element_type=\"widget\" data-widget_type=\"button.default\">\n\t\t\t\t<div class=\"elementor-widget-container\">\n\t\t\t\t\t\t\t\t\t<div class=\"elementor-button-wrapper\">\n\t\t\t\t\t<a class=\"elementor-button elementor-button-link elementor-size-sm\" href=\"https:\/\/www.francescavailati.com\/fr\/consultation-virtuelle-vailati-formulaire\/\">\n\t\t\t\t\t\t<span class=\"elementor-button-content-wrapper\">\n\t\t\t\t\t\t\t\t\t<span class=\"elementor-button-text\">Commencez votre consultation virtuelle<\/span>\n\t\t\t\t\t<\/span>\n\t\t\t\t\t<\/a>\n\t\t\t\t<\/div>\n\t\t\t\t\t\t\t\t<\/div>\n\t\t\t\t<\/div>\n\t\t\t\t\t<\/div>\n\t\t<\/div>\n\t\t\t\t\t<\/div>\n\t\t<\/section>\n\t\t\t\t<\/div>\n\t\t","protected":false},"excerpt":{"rendered":"<p>Consultation Virtuelle Vailati Besoin d&rsquo;une consultation avec le Dre Francesca Vailati, mais difficile de la rencontrer \u00e0 Gen\u00e8ve ? D\u00e9couvrez la valeur de la t\u00e9l\u00e9m\u00e9decine ! L&rsquo;approche tr\u00e8s unique de la Dre Francesca Vailati En tant qu&rsquo;inventrice de la M\u00e9thode 3STEP et avec ses 20 ans d&rsquo;exp\u00e9rience dans le traitement de diff\u00e9rents types de patients, [&hellip;]<\/p>\n","protected":false},"author":2,"featured_media":0,"parent":0,"menu_order":0,"comment_status":"closed","ping_status":"closed","template":"","meta":{"site-sidebar-layout":"no-sidebar","site-content-layout":"page-builder","ast-site-content-layout":"full-width-container","site-content-style":"default","site-sidebar-style":"default","ast-global-header-display":"","ast-banner-title-visibility":"","ast-main-header-display":"","ast-hfb-above-header-display":"","ast-hfb-below-header-display":"","ast-hfb-mobile-header-display":"","site-post-title":"disabled","ast-breadcrumbs-content":"","ast-featured-img":"disabled","footer-sml-layout":"","ast-disable-related-posts":"","theme-transparent-header-meta":"","adv-header-id-meta":"","stick-header-meta":"","header-above-stick-meta":"","header-main-stick-meta":"","header-below-stick-meta":"","astra-migrate-meta-layouts":"default","ast-page-background-enabled":"default","ast-page-background-meta":{"desktop":{"background-color":"var(--ast-global-color-4)","background-image":"","background-repeat":"repeat","background-position":"center center","background-size":"auto","background-attachment":"scroll","background-type":"","background-media":"","overlay-type":"","overlay-color":"","overlay-opacity":"","overlay-gradient":""},"tablet":{"background-color":"","background-image":"","background-repeat":"repeat","background-position":"center center","background-size":"auto","background-attachment":"scroll","background-type":"","background-media":"","overlay-type":"","overlay-color":"","overlay-opacity":"","overlay-gradient":""},"mobile":{"background-color":"","background-image":"","background-repeat":"repeat","background-position":"center center","background-size":"auto","background-attachment":"scroll","background-type":"","background-media":"","overlay-type":"","overlay-color":"","overlay-opacity":"","overlay-gradient":""}},"ast-content-background-meta":{"desktop":{"background-color":"var(--ast-global-color-5)","background-image":"","background-repeat":"repeat","background-position":"center center","background-size":"auto","background-attachment":"scroll","background-type":"","background-media":"","overlay-type":"","overlay-color":"","overlay-opacity":"","overlay-gradient":""},"tablet":{"background-color":"var(--ast-global-color-5)","background-image":"","background-repeat":"repeat","background-position":"center center","background-size":"auto","background-attachment":"scroll","background-type":"","background-media":"","overlay-type":"","overlay-color":"","overlay-opacity":"","overlay-gradient":""},"mobile":{"background-color":"var(--ast-global-color-5)","background-image":"","background-repeat":"repeat","background-position":"center center","background-size":"auto","background-attachment":"scroll","background-type":"","background-media":"","overlay-type":"","overlay-color":"","overlay-opacity":"","overlay-gradient":""}},"footnotes":""},"class_list":["post-17122","page","type-page","status-publish","hentry"],"_links":{"self":[{"href":"https:\/\/www.francescavailati.com\/fr\/wp-json\/wp\/v2\/pages\/17122","targetHints":{"allow":["GET"]}}],"collection":[{"href":"https:\/\/www.francescavailati.com\/fr\/wp-json\/wp\/v2\/pages"}],"about":[{"href":"https:\/\/www.francescavailati.com\/fr\/wp-json\/wp\/v2\/types\/page"}],"author":[{"embeddable":true,"href":"https:\/\/www.francescavailati.com\/fr\/wp-json\/wp\/v2\/users\/2"}],"replies":[{"embeddable":true,"href":"https:\/\/www.francescavailati.com\/fr\/wp-json\/wp\/v2\/comments?post=17122"}],"version-history":[{"count":19,"href":"https:\/\/www.francescavailati.com\/fr\/wp-json\/wp\/v2\/pages\/17122\/revisions"}],"predecessor-version":[{"id":18450,"href":"https:\/\/www.francescavailati.com\/fr\/wp-json\/wp\/v2\/pages\/17122\/revisions\/18450"}],"wp:attachment":[{"href":"https:\/\/www.francescavailati.com\/fr\/wp-json\/wp\/v2\/media?parent=17122"}],"curies":[{"name":"wp","href":"https:\/\/api.w.org\/{rel}","templated":true}]}}